{"id":1686,"date":"2020-10-14T18:01:32","date_gmt":"2020-10-14T16:01:32","guid":{"rendered":"https:\/\/seneh.fr\/Musicales\/?page_id=1686"},"modified":"2023-05-21T08:55:08","modified_gmt":"2023-05-21T06:55:08","slug":"au-fil-du-temps","status":"publish","type":"page","link":"https:\/\/seneh.fr\/Musicales\/au-fil-du-temps\/","title":{"rendered":"Au fil du temps"},"content":{"rendered":"\n<p><\/p>\n\n\n<div class=\"wp-block-image\">\n<figure class=\"aligncenter size-full\"><img loading=\"lazy\" decoding=\"async\" width=\"456\" height=\"75\" src=\"https:\/\/seneh.fr\/Musicales\/wp-content\/uploads\/2020\/12\/BoutonLesMusicales.png\" alt=\"\" class=\"wp-image-1790\" srcset=\"https:\/\/seneh.fr\/Musicales\/wp-content\/uploads\/2020\/12\/BoutonLesMusicales.png 456w, https:\/\/seneh.fr\/Musicales\/wp-content\/uploads\/2020\/12\/BoutonLesMusicales-300x49.png 300w\" sizes=\"auto, (max-width: 456px) 85vw, 456px\" \/><\/figure>\n<\/div>\n\n\n<figure class=\"wp-block-pullquote\"><blockquote><p><mark style=\"background-color:rgba(0, 0, 0, 0);color:#9b4106\" class=\"has-inline-color\"><strong>De 1952 \u00e0 nos jours<\/strong><\/mark><\/p><\/blockquote><\/figure>\n\n\n\n<p class=\"has-drop-cap has-text-align-left\"><mark style=\"background-color:rgba(0, 0, 0, 0);color:#a34200\" class=\"has-inline-color\">Cette page est un long voyage parcouru depuis plus de 69 ans de vie, de l&rsquo;orphelinat \u00e0 nos jours. Mon parcours dans le monde de la musique m&rsquo;a permis de conserver une partie de mes acquis en tant que choriste puis comme \u00e9l\u00e8ve au Conservatoire d&rsquo;Orl\u00e9ans, (voir ma page \u00ab\u00a0Qui suis-je ?\u00a0\u00bb). Le Webmaster. <\/mark>\ud83d\ude0a<\/p>\n\n\n\n<pre class=\"wp-block-preformatted\"><strong><span style=\"color:#a34200\" class=\"has-inline-color\">J'ai choisi de montrer ici une \u0153uvre de \"<\/span><span style=\"color:#0013a3\" class=\"has-inline-color\">Georg-Friedrich Haendel : Halleluja<\/span><span style=\"color:#a34200\" class=\"has-inline-color\">\" que j'ai eu la chance de chanter comme choriste soprane au sein de la <\/span><span style=\"color:#0013a3\" class=\"has-inline-color\">Chorale Saint-Euverte d'Orl\u00e9ans en 1963<\/span><span style=\"color:#a34200\" class=\"has-inline-color\"> (restaur\u00e9e), puis en l'interpr\u00e9tant de 2 fa\u00e7ons sur mon Yamaha, 1) \u00e0 l'orgue et 2) en version orchestrale avec plus ou moins de r\u00e9ussite. A vous d'en juger, les commentaires sont ouvert en bas de page.<\/span><\/strong><\/pre>\n\n\n<div class=\"wp-block-image\">\n<figure class=\"aligncenter size-large\"><img loading=\"lazy\" decoding=\"async\" width=\"35\" height=\"35\" src=\"https:\/\/seneh.fr\/Musicales\/wp-content\/uploads\/2019\/04\/lumierecligbleu.gif\" alt=\"\" class=\"wp-image-545\"\/><\/figure>\n<\/div>\n\n\n<p style=\"text-align:center\"><b><font color=\"#FF6600\" size=\"4\">Chorale Sainte-Euverte d&rsquo;Orl\u00e9ans. Orgue : M. l&rsquo;abb\u00e9 Bruneau<\/font><\/b><\/p>\n\n\n\n<div class=\"sc_fancy_player_container\"><audio class=\"wp-audio-shortcode\" id=\"audio-1686-1\" preload=\"none\" style=\"width: 100%;\" controls=\"controls\"><source type=\"audio\/mpeg\" src=\"https:\/\/www.seneh.fr\/Musique\/halleluja\/hallelujaStEuverte.mp3?_=1\" \/><a href=\"https:\/\/www.seneh.fr\/Musique\/halleluja\/hallelujaStEuverte.mp3\">https:\/\/www.seneh.fr\/Musique\/halleluja\/hallelujaStEuverte.mp3<\/a><\/audio><\/div><p style=\"text-align:justify\"> <b><font color=\"#680000\" size=\"2\"><em>\nDe Chorale Sainte-Euverte &#8211; Compositeur : haendel-georg-friedrich<\/em><\/font><\/b><\/p>\n\n\n<div class=\"wp-block-image\">\n<figure class=\"aligncenter size-large\"><img loading=\"lazy\" decoding=\"async\" width=\"35\" height=\"35\" src=\"https:\/\/seneh.fr\/Musicales\/wp-content\/uploads\/2019\/04\/lumierecligbleu.gif\" alt=\"\" class=\"wp-image-545\"\/><\/figure>\n<\/div>\n\n\n<p style=\"text-align:center\"><b><font color=\"#FF6600\" size=\"4\">Henri SEN\u00c9 sur Hyamaha (Orgue)<\/font><\/b><\/p>\n\n\n\n<div class=\"sc_fancy_player_container\"><audio class=\"wp-audio-shortcode\" id=\"audio-1686-2\" preload=\"none\" style=\"width: 100%;\" controls=\"controls\"><source type=\"audio\/mpeg\" src=\"https:\/\/www.seneh.fr\/Musique\/halleluja\/hallelujaOrgue.mp3?_=2\" \/><a href=\"https:\/\/www.seneh.fr\/Musique\/halleluja\/hallelujaOrgue.mp3\">https:\/\/www.seneh.fr\/Musique\/halleluja\/hallelujaOrgue.mp3<\/a><\/audio><\/div><p style=\"text-align:justify\"> <b><font color=\"#680000\" size=\"2\"><em>\nInterpr\u00e8te : Henri SEN\u00c9 &#8211; Compositeur : haendel-georg-friedrich<\/em><\/font><\/b><\/p>\n\n\n<div class=\"wp-block-image\">\n<figure class=\"aligncenter size-large\"><img loading=\"lazy\" decoding=\"async\" width=\"35\" height=\"35\" src=\"https:\/\/seneh.fr\/Musicales\/wp-content\/uploads\/2019\/04\/lumierecligbleu.gif\" alt=\"\" class=\"wp-image-545\"\/><\/figure>\n<\/div>\n\n\n<p style=\"text-align:center\"><b><font color=\"#FF6600\" size=\"4\">Henri SEN\u00c9 sur Yamaha (Orchestral)<\/font><\/b><\/p>\n\n\n\n<div class=\"sc_fancy_player_container\"><audio class=\"wp-audio-shortcode\" id=\"audio-1686-3\" preload=\"none\" style=\"width: 100%;\" controls=\"controls\"><source type=\"audio\/mpeg\" src=\"https:\/\/www.seneh.fr\/Musique\/halleluja\/hallelujaOrchestral.mp3?_=3\" \/><a href=\"https:\/\/www.seneh.fr\/Musique\/halleluja\/hallelujaOrchestral.mp3\">https:\/\/www.seneh.fr\/Musique\/halleluja\/hallelujaOrchestral.mp3<\/a><\/audio><\/div><p style=\"text-align:justify\"> <b><font color=\"#680000\" size=\"2\"><em>\nInterpr\u00e8te : Henri SEN\u00c9 &#8211; Compositeur : haendel-georg-friedrich<\/em><\/font><\/b><\/p>\n\n\n<div class=\"wp-block-image\">\n<figure class=\"aligncenter size-large\"><img loading=\"lazy\" decoding=\"async\" width=\"35\" height=\"35\" src=\"https:\/\/seneh.fr\/Musicales\/wp-content\/uploads\/2019\/04\/lumierecligbleu.gif\" alt=\"\" class=\"wp-image-545\"\/><\/figure>\n<\/div>\n\n\n<p><\/p>\n","protected":false},"excerpt":{"rendered":"<p>De 1952 \u00e0 nos jours Cette page est un long voyage parcouru depuis plus de 69 ans de vie, de l&rsquo;orphelinat \u00e0 nos jours. Mon parcours dans le monde de la musique m&rsquo;a permis de conserver une partie de mes acquis en tant que choriste puis comme \u00e9l\u00e8ve au Conservatoire d&rsquo;Orl\u00e9ans, (voir ma page \u00ab\u00a0Qui &hellip; <a href=\"https:\/\/seneh.fr\/Musicales\/au-fil-du-temps\/\" class=\"more-link\">Continuer la lecture<span class=\"screen-reader-text\"> de &laquo;&nbsp;Au fil du temps&nbsp;&raquo;<\/span><\/a><\/p>\n","protected":false},"author":1,"featured_media":0,"parent":0,"menu_order":0,"comment_status":"open","ping_status":"closed","template":"","meta":{"footnotes":""},"class_list":["post-1686","page","type-page","status-publish","hentry"],"_links":{"self":[{"href":"https:\/\/seneh.fr\/Musicales\/wp-json\/wp\/v2\/pages\/1686","targetHints":{"allow":["GET"]}}],"collection":[{"href":"https:\/\/seneh.fr\/Musicales\/wp-json\/wp\/v2\/pages"}],"about":[{"href":"https:\/\/seneh.fr\/Musicales\/wp-json\/wp\/v2\/types\/page"}],"author":[{"embeddable":true,"href":"https:\/\/seneh.fr\/Musicales\/wp-json\/wp\/v2\/users\/1"}],"replies":[{"embeddable":true,"href":"https:\/\/seneh.fr\/Musicales\/wp-json\/wp\/v2\/comments?post=1686"}],"version-history":[{"count":26,"href":"https:\/\/seneh.fr\/Musicales\/wp-json\/wp\/v2\/pages\/1686\/revisions"}],"predecessor-version":[{"id":2154,"href":"https:\/\/seneh.fr\/Musicales\/wp-json\/wp\/v2\/pages\/1686\/revisions\/2154"}],"wp:attachment":[{"href":"https:\/\/seneh.fr\/Musicales\/wp-json\/wp\/v2\/media?parent=1686"}],"curies":[{"name":"wp","href":"https:\/\/api.w.org\/{rel}","templated":true}]}}