{"id":2,"date":"2019-03-17T13:34:30","date_gmt":"2019-03-17T12:34:30","guid":{"rendered":"http:\/\/seneh.fr\/Musicales\/?page_id=2"},"modified":"2025-12-28T18:26:40","modified_gmt":"2025-12-28T17:26:40","slug":"accueil","status":"publish","type":"page","link":"https:\/\/seneh.fr\/Musicales\/accueil\/","title":{"rendered":"Accueil"},"content":{"rendered":"<div class=\"wp-block-image\">\n<figure class=\"aligncenter size-full\"><img loading=\"lazy\" decoding=\"async\" width=\"456\" height=\"75\" src=\"https:\/\/seneh.fr\/Musicales\/wp-content\/uploads\/2020\/12\/BoutonLesMusicales.png\" alt=\"\" class=\"wp-image-1790\" srcset=\"https:\/\/seneh.fr\/Musicales\/wp-content\/uploads\/2020\/12\/BoutonLesMusicales.png 456w, https:\/\/seneh.fr\/Musicales\/wp-content\/uploads\/2020\/12\/BoutonLesMusicales-300x49.png 300w\" sizes=\"auto, (max-width: 456px) 85vw, 456px\" \/><\/figure>\n<\/div>\n\n<div class=\"wp-block-image\">\n<figure class=\"aligncenter size-full\"><img loading=\"lazy\" decoding=\"async\" width=\"35\" height=\"35\" src=\"https:\/\/seneh.fr\/Musicales\/wp-content\/uploads\/2019\/04\/lumierecligbleu.gif\" alt=\"\" class=\"wp-image-545\"\/><\/figure>\n<\/div>\n\n\n<p class=\"has-drop-cap has-text-align-left\">Bienvenue dans mon univers musical, apr\u00e8s 20 ans d&rsquo;\u00e9tudes et de d\u00e9couverte de mon instrument, bon voyage et belle \u00e9coute de mes compositions et interpr\u00e9tations.<br>Le Webmaster. \ud83d\ude0a<\/p>\n\n\n<div class=\"wp-block-image\">\n<figure class=\"aligncenter size-large\"><img loading=\"lazy\" decoding=\"async\" width=\"600\" height=\"1\" src=\"https:\/\/seneh.fr\/Musicales\/wp-content\/uploads\/2019\/07\/linett1.gif\" alt=\"\" class=\"wp-image-1041\"\/><\/figure>\n<\/div>\n\n\n<p class=\"has-text-align-center\"><b><font color=\"##0007d8\" size=\"4\"><em><strong>Suivez les nouveaut\u00e9s sur la page \u00ab\u00a0Les <a href=\"https:\/\/seneh.fr\/Musicales\/\" data-type=\"page\" data-id=\"923\">News<\/a>\u00ab\u00a0. \u27a1<\/strong><\/em><\/font><\/b><\/p>\n\n\n\n<p style=\"text-align:center\"><b><font color=\"#FF6600\" size=\"4\">A travers les 7 modules de ce site :<\/font><\/b><\/p>\n\n\n\n<p class=\"has-text-align-left\"><b><font color=\"###0007d8\" size=\"3\">&#8211; <a href=\"https:\/\/seneh.fr\/Musicales\/page-d-exemple\/\" data-type=\"page\" data-id=\"2\"><strong>Accueil<\/strong><\/a><\/font><\/b>&nbsp;<\/p>\n\n\n\n<p class=\"has-text-align-left\"><b><font color=\"###0007d8\" size=\"3\">&#8211; <\/font><\/b><a referrerpolicy=\"origin\" href=\"https:\/\/seneh.fr\/Musicales\/page-d-exemple\/qui-suis-je\/\" data-type=\"page\" data-id=\"431\"><strong>Qui suis-je ?<\/strong><\/a>&nbsp;<\/p>\n\n\n\n<p class=\"has-text-align-left\"><b><font color=\"###0007d8\" size=\"3\">&#8211;<\/font><\/b><a href=\"https:\/\/seneh.fr\/Musicales\/au-fil-du-temps\/\"><strong>Au fil du temps<\/strong><\/a><\/p>\n\n\n\n<p class=\"has-text-align-left\"><b><font color=\"###0007d8\" size=\"3\">&#8211; Mes d\u00e9buts et mes erreurs<\/font><\/b>&nbsp;<\/p>\n\n\n\n<p class=\"has-text-align-left\"><b><font color=\"###0007d8\" size=\"3\">&#8211; Mes compositions<\/font><\/b>&nbsp;<\/p>\n\n\n\n<p class=\"has-text-align-left\"><b><font color=\"###0007d8\" size=\"3\">&#8211; Mes classiques<\/font><\/b>&nbsp;<\/p>\n\n\n\n<p class=\"has-text-align-left\"><b><font color=\"###0007d8\" size=\"3\">&#8211; Mes interpr\u00e9tations<\/font><\/b>&nbsp;<\/p>\n\n\n<div class=\"wp-block-image\">\n<figure class=\"aligncenter size-large\"><img loading=\"lazy\" decoding=\"async\" width=\"600\" height=\"1\" src=\"https:\/\/seneh.fr\/Musicales\/wp-content\/uploads\/2019\/07\/linett1.gif\" alt=\"\" class=\"wp-image-1041\"\/><\/figure>\n<\/div>\n\n\n<p style=\"text-align:left\">Ce site va s&rsquo;enrichir au fil du temps, si vous le voulez, vous pouvez laisser un commentaire, <strong>m\u00eame critique<\/strong>, en bas de cette page.<\/p> <p style=\"text-align:left\"><b><em>Pour \u00e9viter les messages ind\u00e9sirables ou malveillants, ce site est prot\u00e9g\u00e9 par Akismet Anti-Spam.<\/em><\/b> <\/p>\n\n\n<div class=\"wp-block-image\">\n<figure class=\"aligncenter size-large\"><img loading=\"lazy\" decoding=\"async\" width=\"35\" height=\"35\" src=\"https:\/\/seneh.fr\/Musicales\/wp-content\/uploads\/2019\/04\/lumierecligbleu.gif\" alt=\"\" class=\"wp-image-545\"\/><\/figure>\n<\/div>\n\n<div class=\"wp-block-image\">\n<figure class=\"aligncenter size-large\"><img loading=\"lazy\" decoding=\"async\" width=\"600\" height=\"1\" src=\"https:\/\/seneh.fr\/Musicales\/wp-content\/uploads\/2019\/07\/linett1.gif\" alt=\"\" class=\"wp-image-1041\"\/><\/figure>\n<\/div>\n\n<div class=\"wp-block-image\">\n<figure class=\"aligncenter size-large\"><img loading=\"lazy\" decoding=\"async\" width=\"128\" height=\"40\" src=\"https:\/\/seneh.fr\/Musicales\/wp-content\/uploads\/2019\/07\/riton.gif\" alt=\"\" class=\"wp-image-1051\"\/><\/figure>\n<\/div>\n\n\n<p><\/p>\n","protected":false},"excerpt":{"rendered":"<p>Bienvenue dans mon univers musical, apr\u00e8s 20 ans d&rsquo;\u00e9tudes et de d\u00e9couverte de mon instrument, bon voyage et belle \u00e9coute de mes compositions et interpr\u00e9tations.Le Webmaster. \ud83d\ude0a Suivez les nouveaut\u00e9s sur la page \u00ab\u00a0Les News\u00ab\u00a0. \u27a1 A travers les 7 modules de ce site : &#8211; Accueil&nbsp; &#8211; Qui suis-je ?&nbsp; &#8211;Au fil du temps &hellip; <a href=\"https:\/\/seneh.fr\/Musicales\/accueil\/\" class=\"more-link\">Continuer la lecture<span class=\"screen-reader-text\"> de &laquo;&nbsp;Accueil&nbsp;&raquo;<\/span><\/a><\/p>\n","protected":false},"author":1,"featured_media":0,"parent":0,"menu_order":0,"comment_status":"open","ping_status":"open","template":"","meta":{"footnotes":""},"class_list":["post-2","page","type-page","status-publish","hentry"],"_links":{"self":[{"href":"https:\/\/seneh.fr\/Musicales\/wp-json\/wp\/v2\/pages\/2","targetHints":{"allow":["GET"]}}],"collection":[{"href":"https:\/\/seneh.fr\/Musicales\/wp-json\/wp\/v2\/pages"}],"about":[{"href":"https:\/\/seneh.fr\/Musicales\/wp-json\/wp\/v2\/types\/page"}],"author":[{"embeddable":true,"href":"https:\/\/seneh.fr\/Musicales\/wp-json\/wp\/v2\/users\/1"}],"replies":[{"embeddable":true,"href":"https:\/\/seneh.fr\/Musicales\/wp-json\/wp\/v2\/comments?post=2"}],"version-history":[{"count":226,"href":"https:\/\/seneh.fr\/Musicales\/wp-json\/wp\/v2\/pages\/2\/revisions"}],"predecessor-version":[{"id":2469,"href":"https:\/\/seneh.fr\/Musicales\/wp-json\/wp\/v2\/pages\/2\/revisions\/2469"}],"wp:attachment":[{"href":"https:\/\/seneh.fr\/Musicales\/wp-json\/wp\/v2\/media?parent=2"}],"curies":[{"name":"wp","href":"https:\/\/api.w.org\/{rel}","templated":true}]}}